{"id":1434,"date":"2019-02-08T17:56:53","date_gmt":"2019-02-08T17:56:53","guid":{"rendered":"https:\/\/www.ipleiria.pt\/esad\/?page_id=1434"},"modified":"2020-03-10T17:05:11","modified_gmt":"2020-03-10T17:05:11","slug":"internacional","status":"publish","type":"page","link":"https:\/\/www.ipleiria.pt\/esadcr\/internacional\/","title":{"rendered":"Internacional"},"content":{"rendered":"\n<div class=\"wp-block-columns\">\n<div class=\"wp-block-column\" style=\"flex-basis:33.33%\">\n<figure class=\"wp-block-image\"><img loading=\"lazy\" width=\"365\" height=\"521\" src=\"https:\/\/www.ipleiria.pt\/esadcr\/wp-content\/uploads\/sites\/17\/2019\/04\/Internacional-imagem.jpg\" alt=\"\" class=\"wp-image-3036\" srcset=\"https:\/\/www.ipleiria.pt\/esadcr\/wp-content\/uploads\/sites\/17\/2019\/04\/Internacional-imagem.jpg 365w, https:\/\/www.ipleiria.pt\/esadcr\/wp-content\/uploads\/sites\/17\/2019\/04\/Internacional-imagem-210x300.jpg 210w, https:\/\/www.ipleiria.pt\/esadcr\/wp-content\/uploads\/sites\/17\/2019\/04\/Internacional-imagem-179x255.jpg 179w, https:\/\/www.ipleiria.pt\/esadcr\/wp-content\/uploads\/sites\/17\/2019\/04\/Internacional-imagem-273x390.jpg 273w, https:\/\/www.ipleiria.pt\/esadcr\/wp-content\/uploads\/sites\/17\/2019\/04\/Internacional-imagem-193x275.jpg 193w, https:\/\/www.ipleiria.pt\/esadcr\/wp-content\/uploads\/sites\/17\/2019\/04\/Internacional-imagem-137x195.jpg 137w\" sizes=\"(max-width: 365px) 100vw, 365px\" \/><\/figure>\n<\/div>\n\n\n\n<div class=\"wp-block-column\" style=\"flex-basis:66.66%\">\n<p>A internacionaliza\u00e7\u00e3o est\u00e1 no centro da ESAD.CR. Todos os anos a ESAD.CR\nrecebe estudantes, professores e funcion\u00e1rios de outros pa\u00edses. Todos os anos a\nESAD.CR envia estudantes, professores e funcion\u00e1rios para outros pa\u00edses. <\/p>\n\n\n\n<p>A internacionaliza\u00e7\u00e3o passa pela mobilidade europeia, apoiada por\nprogramas como o Erasmus+ e outros, e por parcerias e protocolos de apoio \u00e0\ninternacionaliza\u00e7\u00e3o do ensino e da investiga\u00e7\u00e3o. <\/p>\n\n\n\n<p>A ESAD.CR \u00e9 procurada por muitos estudantes internacionais, que aqui\nencontram um ensino pr\u00e1tico apoiado em excelentes oficinas; um corpo docente\nprofissional, experiente e dispon\u00edvel; um ensino que acolhe a heran\u00e7a do\npassado e as promessas do futuro, enraizado no presente. Muitos destes\nestudantes acabam por ficar por c\u00e1. <\/p>\n\n\n\n<p>A internacionaliza\u00e7\u00e3o da ESAD.CR \u00e9 uma das maneiras de estarmos no\nmundo contempor\u00e2neo. A abertura ao mundo da ESAD.CR enriquece o nosso potencial\ncriativo, exibe ao mundo o nosso trabalho, e coloca os nossos estudantes no\npanorama internacional. <\/p>\n\n\n\n<p>Os cursos da ESAD.CR s\u00e3o lecionados em portugu\u00eas, mas o acompanhamento tutorial pode ser feito em ingl\u00eas, e o Master in Graphic Design \u00e9 j\u00e1 lecionado em ingl\u00eas. <\/p>\n\n\n\n<p>A ESAD.CR \u00e9 uma escola internacional, no mundo. <\/p>\n\n\n\n<p><strong>Mais informa\u00e7\u00f5es<\/strong>: <a href=\"mailto:gamci.esad@ipleiria.pt\" target=\"_blank\" rel=\"noreferrer noopener\" aria-label=\"gamci.esad@ipleiria.pt (opens in a new tab)\">gamci.esad@ipleiria.pt<\/a><\/p>\n<\/div>\n<\/div>\n\n\n\n<ul class=\"page_for_courses courses\">\n   <li class=\"course\">\n        <a href=\"https:\/\/www.ipleiria.pt\/esadcr\/internacional\/mobilidade-de-estudos\/\" class=\"entry-link\" rel=\"target= noopener noreferrer\" _blank\"=\"\">\n            <span class=\"block entry-thumbnail-wrapper\"><img class=\"block entry-thumbnail\" alt=\"\" src=\"https:\/\/www.ipleiria.pt\/esadcr\/wp-content\/uploads\/sites\/17\/2019\/10\/mobilidade_estudos.jpg\"><\/span>\n            <span class=\"d-flex justify-content-center align-items-center entry-title-wrapper\">\n                <span class=\"block entry-title\">Mobilidade de Estudos<\/span>\n            <\/span>\n        <\/a> \n <\/li><li class=\"course\">\n        <a href=\"https:\/\/www.ipleiria.pt\/internacional\/mobilidade-estagios\/\" class=\"entry-link\" rel=\"bookmark\">\n            <span class=\"block entry-thumbnail-wrapper\"><img class=\"block entry-thumbnail\" alt=\"\" src=\"https:\/\/www.ipleiria.pt\/esadcr\/wp-content\/uploads\/sites\/17\/2019\/10\/ESAD__20191002_0621.jpg\"><\/span>\n            <span class=\"d-flex justify-content-center align-items-center entry-title-wrapper\">\n                <span class=\"block entry-title\">Mobilidade de Est\u00e1gios<\/span>\n            <\/span>\n        <\/a>\n    <\/li>  \n    <li class=\"course\">\n        <a href=\"https:\/\/www.ipleiria.pt\/internacional\/estudantes-intercambio\/\" class=\"entry-link\" rel=\"bookmark noopener noreferrer\" target=\"_blank\">\n            <span class=\"block entry-thumbnail-wrapper\"><img class=\"block entry-thumbnail\" alt=\"\" src=\"https:\/\/www.ipleiria.pt\/esadcr\/wp-content\/uploads\/sites\/17\/2019\/10\/ESAD__20191002_0603.jpg\"><\/span>\n            <span class=\"d-flex justify-content-center align-items-center entry-title-wrapper\">\n                <span class=\"block entry-title\">Interc\u00e2mbio<\/span>\n            <\/span>\n        <\/a>\n    <\/li>\n    <li class=\"course\">\n        <a href=\"https:\/\/www.ipleiria.pt\/esadcr\/internacional\/parceiros-esad-cr\/\" class=\"entry-link\" rel=\"bookmark\">\n            <span class=\"block entry-thumbnail-wrapper\"><img class=\"block entry-thumbnail\" alt=\"\" src=\"https:\/\/www.ipleiria.pt\/esadcr\/wp-content\/uploads\/sites\/17\/2019\/10\/ESAD__20191002_0622.jpg\"><\/span>\n            <span class=\"d-flex justify-content-center align-items-center entry-title-wrapper\">\n                <span class=\"block entry-title\">ESAD.CR &#8211; Parcerias<\/span>\n            <\/span>\n        <\/a>\n    <\/li>\n\n\n<\/ul>\n","protected":false},"excerpt":{"rendered":"A internacionaliza\u00e7\u00e3o est\u00e1 no centro da ESAD.CR. Todos os anos a ESAD.CR recebe estudantes, professores e funcion\u00e1rios de outros pa\u00edses. Todos os anos a ESAD.CR envia estudantes, professores e funcion\u00e1rios para outros pa\u00edses. A internacionaliza\u00e7\u00e3o passa pela mobilidade europeia, apoiada por programas como o Erasmus+ e outros, e por parcerias e protocolos de apoio \u00e0 [&hellip;]","protected":false},"author":1,"featured_media":6734,"parent":0,"menu_order":40,"comment_status":"closed","ping_status":"closed","template":"","meta":{"multilingual_post_translation":"{\"en-GB\":{\"url\":\"https:\/\/www.ipleiria.pt\/esadcr\/en\/international\/\",\"postID\":1434,\"postTitle\":\"International\",\"siteID\":22,\"customURL\":false,\"languageInfo\":{\"name\":\"English (UK)\",\"locale\":\"en_GB\"}}}","custompostfields_banners":"","custompostfields_post-association_course-gallery":[]},"_links":{"self":[{"href":"https:\/\/www.ipleiria.pt\/esadcr\/wp-json\/wp\/v2\/pages\/1434"}],"collection":[{"href":"https:\/\/www.ipleiria.pt\/esadcr\/wp-json\/wp\/v2\/pages"}],"about":[{"href":"https:\/\/www.ipleiria.pt\/esadcr\/wp-json\/wp\/v2\/types\/page"}],"author":[{"embeddable":true,"href":"https:\/\/www.ipleiria.pt\/esadcr\/wp-json\/wp\/v2\/users\/1"}],"replies":[{"embeddable":true,"href":"https:\/\/www.ipleiria.pt\/esadcr\/wp-json\/wp\/v2\/comments?post=1434"}],"version-history":[{"count":10,"href":"https:\/\/www.ipleiria.pt\/esadcr\/wp-json\/wp\/v2\/pages\/1434\/revisions"}],"predecessor-version":[{"id":6311,"href":"https:\/\/www.ipleiria.pt\/esadcr\/wp-json\/wp\/v2\/pages\/1434\/revisions\/6311"}],"wp:featuredmedia":[{"embeddable":true,"href":"https:\/\/www.ipleiria.pt\/esadcr\/wp-json\/wp\/v2\/media\/6734"}],"wp:attachment":[{"href":"https:\/\/www.ipleiria.pt\/esadcr\/wp-json\/wp\/v2\/media?parent=1434"}],"curies":[{"name":"wp","href":"https:\/\/api.w.org\/{rel}","templated":true}]}}