{"id":3497,"date":"2019-04-18T22:42:36","date_gmt":"2019-04-18T21:42:36","guid":{"rendered":"https:\/\/www.ipleiria.pt\/esadcr\/?page_id=3497"},"modified":"2019-09-05T14:56:38","modified_gmt":"2019-09-05T13:56:38","slug":"alumni","status":"publish","type":"page","link":"https:\/\/www.ipleiria.pt\/esadcr\/alumni\/","title":{"rendered":"Alumni"},"content":{"rendered":"\n<div data-columns=\"3\" class=\"posts masonry-1of3 gbht\">\n<a class=\"wp-block-pt-ipleiria-ued-wp-theme-ipleiria-gutenbergblocks-infobox gbib gbib-view\" href=\"http:\/\/redealumni.ipleiria.pt\/testemunhos\/2019\/06\/19\/sandrine-cordeiro\/\"><span class=\"gbib-wrapper gbib-image-wrapper\"><img class=\"gbib-image\" src=\"https:\/\/www.ipleiria.pt\/esadcr\/wp-content\/uploads\/sites\/17\/2019\/06\/Autoretrato-Sandrine-Cordeiro-770x770.jpg\" alt=\"\"\/><\/span><span class=\"gbib-wrapper gbib-title-wrapper\"><span class=\"gbib-title\">Sandrine Cordeiro<\/span><\/span><span class=\"gbib-wrapper gbib-description-wrapper\"><span class=\"gbib-description\"> Frequentou a ESAD.CR de 1995 a 2000, no curso de Artes Pl\u00e1sticas, vertente de Escultura e, de 2010 a 2012, o mestrado em Teatro. <br>Profissionalmente, tem passado por v\u00e1rias \u00e1reas, como a doc\u00eancia, no ensino superior e secund\u00e1rio. Em termos art\u00edsticos continua a criar em diferentes \u00e1reas de express\u00e3o: artes pl\u00e1sticas, teatro, cinema, escrita, performance.<\/span><\/span><\/a>\n\n\n\n<a class=\"wp-block-pt-ipleiria-ued-wp-theme-ipleiria-gutenbergblocks-infobox gbib gbib-view\" href=\"http:\/\/redealumni.ipleiria.pt\/testemunhos\/2019\/05\/21\/mariana-sampaio-3\/\"><span class=\"gbib-wrapper gbib-image-wrapper\"><img class=\"gbib-image\" src=\"https:\/\/www.ipleiria.pt\/esadcr\/wp-content\/uploads\/sites\/17\/2019\/06\/Mariana-Sampaio_Foto-770x513.jpg\" alt=\"\"\/><\/span><span class=\"gbib-wrapper gbib-title-wrapper\"><span class=\"gbib-title\">Mariana Sampaio<\/span><\/span><span class=\"gbib-wrapper gbib-description-wrapper\"><span class=\"gbib-description\">Frequentou a ESAD.CR na licenciatura de 2009-12 e o mestrado de 2012-15 em Artes Pl\u00e1sticas. <br>Desde 2017 \u00e9 respons\u00e1vel, designer e artista do projeto Mariana Sampaio Studio, um atelier de cer\u00e2mica e artes pl\u00e1sticas especializado em pe\u00e7as de autor e pequenas s\u00e9ries, sediado nas Caldas da Rainha.<\/span><\/span><\/a>\n\n\n\n<a class=\"wp-block-pt-ipleiria-ued-wp-theme-ipleiria-gutenbergblocks-infobox gbib gbib-view\" href=\"http:\/\/redealumni.ipleiria.pt\/testemunhos\/2019\/02\/13\/nuno-gomes\/\"><span class=\"gbib-wrapper gbib-image-wrapper\"><img class=\"gbib-image\" src=\"https:\/\/www.ipleiria.pt\/esadcr\/wp-content\/uploads\/sites\/17\/2019\/06\/Foto-NunoGomes-770x770.jpg\" alt=\"\"\/><\/span><span class=\"gbib-wrapper gbib-title-wrapper\"><span class=\"gbib-title\">Nuno Gomes<\/span><\/span><span class=\"gbib-wrapper gbib-description-wrapper\"><span class=\"gbib-description\">Frequentou a licenciatura em Design Industrial de 2006 a 2009.<br>Em 2017 criou a empresa XYZLAB\u00ae, sediada em Torres Vedras, que atua nas \u00e1reas de consultoria, design e prototipagem.<\/span><\/span><\/a>\n\n\n\n<a class=\"wp-block-pt-ipleiria-ued-wp-theme-ipleiria-gutenbergblocks-infobox gbib gbib-view\" href=\"http:\/\/redealumni.ipleiria.pt\/testemunhos\/2018\/01\/22\/francisco-modesto\/\"><span class=\"gbib-wrapper gbib-image-wrapper\"><img class=\"gbib-image\" src=\"https:\/\/www.ipleiria.pt\/esadcr\/wp-content\/uploads\/sites\/17\/2019\/06\/FranciscoModesto-770x770.jpg\" alt=\"\"\/><\/span><span class=\"gbib-wrapper gbib-title-wrapper\"><span class=\"gbib-title\">Francisco Modesto<\/span><\/span><span class=\"gbib-wrapper gbib-description-wrapper\"><span class=\"gbib-description\">Frequentou o curso de Design Gr\u00e1fico e Multim\u00e9dia de 2013 a 2016.<br>Foi convidado a produzir conte\u00fados gr\u00e1ficos animados no \u00e2mbito de um projeto internacional \u2013 Waves of Drawings, apresentado em Roma e no Vaticano. Esse projeto foi agregador de desenhos criados por crian\u00e7as internadas nas diversas pediatrias do Servi\u00e7o Nacional de Sa\u00fade.<\/span><\/span><\/a>\n\n\n\n<a class=\"wp-block-pt-ipleiria-ued-wp-theme-ipleiria-gutenbergblocks-infobox gbib gbib-view\" href=\"http:\/\/redealumni.ipleiria.pt\/testemunhos\/2018\/10\/24\/daniela-ramos\/\"><span class=\"gbib-wrapper gbib-image-wrapper\"><img class=\"gbib-image\" src=\"https:\/\/www.ipleiria.pt\/esadcr\/wp-content\/uploads\/sites\/17\/2019\/06\/Daniela_ramos.jpg\" alt=\"\"\/><\/span><span class=\"gbib-wrapper gbib-title-wrapper\"><span class=\"gbib-title\">Daniela ramos<\/span><\/span><span class=\"gbib-wrapper gbib-description-wrapper\"><span class=\"gbib-description\">Licenciou-se em Design de Cer\u00e2mica e Vidro em 2011.<br>Criou a marca R Jewellery Design \u2013 Atelier de Joalharia situa-se no cora\u00e7\u00e3o da cidade de Caldas da Rainha, onde \u00e9 poss\u00edvel comprar joalharia de autor com valor acrescentado.<\/span><\/span><\/a>\n\n\n\n<a class=\"wp-block-pt-ipleiria-ued-wp-theme-ipleiria-gutenbergblocks-infobox gbib gbib-view\" href=\"http:\/\/redealumni.ipleiria.pt\/testemunhos\/category\/esadcr\/\"><span class=\"gbib-wrapper gbib-image-wrapper\"><img class=\"gbib-image\" src=\"https:\/\/www.ipleiria.pt\/esadcr\/wp-content\/uploads\/sites\/17\/2019\/09\/images.png\" alt=\"\"\/><\/span><span class=\"gbib-wrapper gbib-title-wrapper\"><span class=\"gbib-title\"> ESAD.CR na rede alumni<\/span><\/span><span class=\"gbib-wrapper gbib-description-wrapper\"><span class=\"gbib-description\">Ver mais testemunhos de alunos da ESAD.CR na Rede Alumni do Polit\u00e9cnico de Leiria.<\/span><\/span><\/a>\n<\/div>\n\n\n\n","protected":false},"excerpt":{"rendered":"","protected":false},"author":1,"featured_media":0,"parent":0,"menu_order":600,"comment_status":"closed","ping_status":"closed","template":"","meta":{"multilingual_post_translation":"{\"en-GB\":{\"url\":\"https:\/\/www.ipleiria.pt\/esadcr\/en\/alumni\/\",\"postID\":3497,\"postTitle\":\"Alumni\",\"siteID\":22,\"customURL\":false,\"languageInfo\":{\"name\":\"English (UK)\",\"locale\":\"en_GB\"}}}","custompostfields_banners":"","custompostfields_post-association_course-gallery":[]},"_links":{"self":[{"href":"https:\/\/www.ipleiria.pt\/esadcr\/wp-json\/wp\/v2\/pages\/3497"}],"collection":[{"href":"https:\/\/www.ipleiria.pt\/esadcr\/wp-json\/wp\/v2\/pages"}],"about":[{"href":"https:\/\/www.ipleiria.pt\/esadcr\/wp-json\/wp\/v2\/types\/page"}],"author":[{"embeddable":true,"href":"https:\/\/www.ipleiria.pt\/esadcr\/wp-json\/wp\/v2\/users\/1"}],"replies":[{"embeddable":true,"href":"https:\/\/www.ipleiria.pt\/esadcr\/wp-json\/wp\/v2\/comments?post=3497"}],"version-history":[{"count":10,"href":"https:\/\/www.ipleiria.pt\/esadcr\/wp-json\/wp\/v2\/pages\/3497\/revisions"}],"predecessor-version":[{"id":4468,"href":"https:\/\/www.ipleiria.pt\/esadcr\/wp-json\/wp\/v2\/pages\/3497\/revisions\/4468"}],"wp:attachment":[{"href":"https:\/\/www.ipleiria.pt\/esadcr\/wp-json\/wp\/v2\/media?parent=3497"}],"curies":[{"name":"wp","href":"https:\/\/api.w.org\/{rel}","templated":true}]}}