{"id":1049,"date":"2019-02-05T03:05:15","date_gmt":"2019-02-05T03:05:15","guid":{"rendered":"https:\/\/www.ipleiria.pt\/?page_id=1049"},"modified":"2021-08-12T10:35:07","modified_gmt":"2021-08-12T09:35:07","slug":"esecs","status":"publish","type":"page","link":"https:\/\/www.ipleiria.pt\/en\/about-us\/schools\/esecs\/","title":{"rendered":"Education and Social Sciences"},"content":{"rendered":"\n<div class=\"wp-block-columns\">\n<div class=\"wp-block-column\">\n<p class=\"is-style-theme-subtitle-inherit-color\">ESECS<\/p>\n\n\n\n<h2 class=\"is-style-theme-title\">School of Education and Social Sciences<\/h2>\n\n\n\n<p>The School of Education and Social Sciences (ESECS) is one of our most attractive schools, offering a wide range of bachelor and master&#8217;s programmes, and attracting more than 2,000 students every academic year. ESECS actively cooperates with our European higher education partners and also further away with institutions from Portuguese-Speaking African countries, Brazil, and China.<\/p>\n\n\n\n<p>The school is a reference in teacher training, communication and human and social sciences teaching in Portugal.<\/p>\n\n\n\n<p> <\/p>\n\n\n\n<div class=\"wp-block-button is-style-theme-button-solid\"><a class=\"wp-block-button__link\" href=\"https:\/\/www.ipleiria.pt\/esecs\/\" target=\"_blank\" rel=\"noreferrer noopener\">know more<\/a><\/div>\n<\/div>\n\n\n\n<div class=\"wp-block-column\">\n<div style=\"height:130px\" aria-hidden=\"true\" class=\"wp-block-spacer\"><\/div>\n\n\n\n<figure class=\"wp-block-image size-large\"><img loading=\"lazy\" width=\"1024\" height=\"683\" src=\"https:\/\/www.ipleiria.pt\/en\/wp-content\/uploads\/sites\/25\/2021\/02\/esecs-1024x683.jpg\" alt=\"\" class=\"wp-image-25316\" srcset=\"https:\/\/www.ipleiria.pt\/en\/wp-content\/uploads\/sites\/25\/2021\/02\/esecs-1024x683.jpg 1024w, https:\/\/www.ipleiria.pt\/en\/wp-content\/uploads\/sites\/25\/2021\/02\/esecs-300x200.jpg 300w, https:\/\/www.ipleiria.pt\/en\/wp-content\/uploads\/sites\/25\/2021\/02\/esecs-768x512.jpg 768w, https:\/\/www.ipleiria.pt\/en\/wp-content\/uploads\/sites\/25\/2021\/02\/esecs-1536x1024.jpg 1536w, https:\/\/www.ipleiria.pt\/en\/wp-content\/uploads\/sites\/25\/2021\/02\/esecs.jpg 1920w\" sizes=\"(max-width: 1024px) 100vw, 1024px\" \/><\/figure>\n<\/div>\n<\/div>\n\n\n\n<div style=\"height:40px\" aria-hidden=\"true\" class=\"wp-block-spacer\"><\/div>\n","protected":false},"excerpt":{"rendered":"ESECS School of Education and Social Sciences The School of Education and Social Sciences (ESECS) is one of our most attractive schools, offering a wide range of bachelor and master&#8217;s programmes, and attracting more than 2,000 students every academic year. ESECS actively cooperates with our European higher education partners and also further away with institutions [&hellip;]","protected":false},"author":1,"featured_media":25310,"parent":545,"menu_order":10,"comment_status":"closed","ping_status":"closed","template":"","meta":{"multilingual_post_translation":"{\"pt-PT\":{\"url\":\"https:\/\/www.ipleiria.pt\/politecnico\/escolas\/esecs\/\",\"postID\":1049,\"postTitle\":\"Educa\u00e7\u00e3o e Ci\u00eancias Sociais\",\"siteID\":1,\"customURL\":false,\"languageInfo\":{\"multilingual_site_api_url\":\"https:\/\/www.ipleiria.pt\/wp-json\/\",\"name\":\"Portugu\u00eas\",\"locale\":\"pt_PT\"}}}","custompostfields_page-thumbnail":"","custompostfields_banners":"","custompostfields_meta-description":""},"_links":{"self":[{"href":"https:\/\/www.ipleiria.pt\/en\/wp-json\/wp\/v2\/pages\/1049"}],"collection":[{"href":"https:\/\/www.ipleiria.pt\/en\/wp-json\/wp\/v2\/pages"}],"about":[{"href":"https:\/\/www.ipleiria.pt\/en\/wp-json\/wp\/v2\/types\/page"}],"author":[{"embeddable":true,"href":"https:\/\/www.ipleiria.pt\/en\/wp-json\/wp\/v2\/users\/1"}],"replies":[{"embeddable":true,"href":"https:\/\/www.ipleiria.pt\/en\/wp-json\/wp\/v2\/comments?post=1049"}],"version-history":[{"count":14,"href":"https:\/\/www.ipleiria.pt\/en\/wp-json\/wp\/v2\/pages\/1049\/revisions"}],"predecessor-version":[{"id":35254,"href":"https:\/\/www.ipleiria.pt\/en\/wp-json\/wp\/v2\/pages\/1049\/revisions\/35254"}],"up":[{"embeddable":true,"href":"https:\/\/www.ipleiria.pt\/en\/wp-json\/wp\/v2\/pages\/545"}],"wp:featuredmedia":[{"embeddable":true,"href":"https:\/\/www.ipleiria.pt\/en\/wp-json\/wp\/v2\/media\/25310"}],"wp:attachment":[{"href":"https:\/\/www.ipleiria.pt\/en\/wp-json\/wp\/v2\/media?parent=1049"}],"curies":[{"name":"wp","href":"https:\/\/api.w.org\/{rel}","templated":true}]}}