{"id":196,"date":"2017-12-01T01:14:54","date_gmt":"2017-12-01T01:14:54","guid":{"rendered":"https:\/\/www.ipleiria.pt\/?page_id=196"},"modified":"2023-07-27T15:11:49","modified_gmt":"2023-07-27T14:11:49","slug":"enquiries","status":"publish","type":"page","link":"https:\/\/www.ipleiria.pt\/en\/study\/academic-services\/enquiries\/","title":{"rendered":"Practical Information and Enquiries"},"content":{"rendered":"\n<div class=\"wp-block-pt-ipleiria-ued-wp-theme-ipleiria-gutenbergblocks-moc gbmoc\" role=\"navigation\" aria-label=\"Contents menu\"><div class=\"gbmoc-menu-wrapper\"><div id=\"gbmoc-fc6fbb-3f-menu-container\" class=\"gbmoc-menu-container\"><div class=\"gbmoc-title\" id=\"gbmoc-fc6fbb-3f-title\">Go to:<\/div><ul aria-describedby=\"gbmoc-fc6fbb-3f-title\" class=\"gbmoc-menuitems\"><li><a href=\"#pratical-information\">Practical Information<\/a><\/li><li><a href=\"#payments\">Payments<\/a><\/li><li><a href=\"#documents-online\">Documents Online<\/a><\/li><li><a href=\"#enquiries\">Enquiries<\/a><\/li><li><a href=\"#opening-hours\">Opening hours<\/a><\/li><li><a href=\"#esecs\">ESECS<\/a><\/li><li><a href=\"#estg-esslei\">ESTG . ESSLei<\/a><\/li><li><a href=\"#esadcr\">ESAD.CR<\/a><\/li><li><a href=\"#estm\">ESTM<\/a><\/li><li><a href=\"#training-centre\">Training Centre<\/a><\/li><li><a href=\"#headquarters\">Headquarters<\/a><\/li><li class=\"gbmoc-scroll-to-top-wrapper\"><a class=\"gbmoc-scroll-to-top\" href=\"#top\">Top<\/a><\/li><\/ul><\/div><\/div><\/div>\n\n\n\n<h2 class=\"is-style-theme-subtitle\">polit\u00e9cnico de leiria<\/h2>\n\n\n\n<h2 class=\"is-style-theme-title\" id=\"pratical-information\">Practical Information<\/h2>\n\n\n\n<div class=\"wp-container-4 wp-block-columns\">\n<div class=\"wp-container-1 wp-block-column\">\n<div class=\"wp-block-pt-ipleiria-ued-wp-theme-ipleiria-gutenbergblocks-infobox gbib gbib-view\"><div class=\"gbib-wrapper gbib-image-wrapper\"><img class=\"gbib-image\" src=\"https:\/\/www.ipleiria.pt\/en\/wp-content\/uploads\/sites\/25\/2021\/01\/estudantes.png\" alt=\"\"\/><\/div><div class=\"gbib-wrapper gbib-title-wrapper\"><h2 class=\"gbib-title\"><a rel=\"noreferrer noopener\" href=\"https:\/\/portaldoestudante.ipleiria.pt\/\" data-type=\"URL\" data-id=\"https:\/\/portaldoestudante.ipleiria.pt\/\" target=\"_blank\"><strong>STUDENT PORTAL<\/strong><\/a><\/h2><\/div><div class=\"gbib-wrapper gbib-read-more-wrapper\"><a class=\"gbib-read-more\">Where you can enrol\/register, pay your tuition fee, register for exams, ask for documents, learn about special student statuses, etc.<\/a><\/div><\/div>\n<\/div>\n\n\n\n<div class=\"wp-container-2 wp-block-column\">\n<div class=\"wp-block-pt-ipleiria-ued-wp-theme-ipleiria-gutenbergblocks-infobox gbib gbib-view\"><div class=\"gbib-wrapper gbib-image-wrapper\"><img class=\"gbib-image\" src=\"https:\/\/www.ipleiria.pt\/en\/wp-content\/uploads\/sites\/25\/2021\/01\/candidaturas.png\" alt=\"\"\/><\/div><div class=\"gbib-wrapper gbib-title-wrapper\"><h2 class=\"gbib-title\"><a rel=\"noreferrer noopener\" href=\"https:\/\/candidaturas.ipleiria.pt\/\" data-type=\"URL\" data-id=\"https:\/\/candidaturas.ipleiria.pt\/\" target=\"_blank\"><strong>APPLICATIONS PORTAL<\/strong><\/a><\/h2><\/div><div class=\"gbib-wrapper gbib-read-more-wrapper\"><a class=\"gbib-read-more\">The platform where you submit your application to a programme, check the result of your application, register for international student assessments, etc.<\/a><\/div><\/div>\n\n\n\n<p><\/p>\n<\/div>\n\n\n\n<div class=\"wp-container-3 wp-block-column\">\n<div class=\"wp-block-pt-ipleiria-ued-wp-theme-ipleiria-gutenbergblocks-infobox gbib gbib-view\"><div class=\"gbib-wrapper gbib-image-wrapper\"><img class=\"gbib-image\" src=\"https:\/\/www.ipleiria.pt\/en\/wp-content\/uploads\/sites\/25\/2021\/01\/intranet.png\" alt=\"\"\/><\/div><div class=\"gbib-wrapper gbib-title-wrapper\"><h2 class=\"gbib-title\"><a rel=\"noreferrer noopener\" href=\"https:\/\/intranet.ipleiria.pt\/\" data-type=\"URL\" data-id=\"https:\/\/intranet.ipleiria.pt\/\" target=\"_blank\"><strong>INTRANET<\/strong><\/a><\/h2><\/div><div class=\"gbib-wrapper gbib-read-more-wrapper\"><a class=\"gbib-read-more\">Where you can register in isolated curricular units, ask for a special student status, submit assignments, etc.<\/a><\/div><\/div>\n<\/div>\n<\/div>\n\n\n\n<hr class=\"wp-block-separator has-css-opacity\"\/>\n\n\n\n<p class=\"is-style-theme-subtitle\" id=\"tw-target-text\">tutorials. Student portal<\/p>\n\n\n\n<h3 id=\"payments\">Payments<\/h3>\n\n\n\n<p><a rel=\"noreferrer noopener\" href=\"https:\/\/www.ipleiria.pt\/en\/wp-content\/uploads\/sites\/25\/2021\/06\/guia_pagamento_ref_mb_v1.1_en.pdf\" data-type=\"URL\" data-id=\"https:\/\/www.ipleiria.pt\/en\/wp-content\/uploads\/sites\/25\/2021\/06\/guia_pagamento_ref_mb_v1.1_en.pdf\" target=\"_blank\">How can I obtain an ATM payment reference?<\/a> <\/p>\n\n\n\n<div style=\"height:45px\" aria-hidden=\"true\" class=\"wp-block-spacer\"><\/div>\n\n\n\n<h3 id=\"documents-online\">Documents Online<\/h3>\n\n\n\n<p><a href=\"https:\/\/www.ipleiria.pt\/wp-content\/uploads\/2022\/03\/guia_documentos_online_en.pdf\" data-type=\"URL\" data-id=\"https:\/\/www.ipleiria.pt\/wp-content\/uploads\/2022\/03\/guia_documentos_online_en.pdf\" target=\"_blank\" rel=\"noreferrer noopener\">How can I get documents online?<\/a><\/p>\n\n\n\n<p><a rel=\"noreferrer noopener\" href=\"https:\/\/www.ipleiria.pt\/wp-content\/uploads\/2022\/03\/guia_documentos_online_req_en.pdf\" data-type=\"URL\" data-id=\"https:\/\/www.ipleiria.pt\/wp-content\/uploads\/2022\/03\/guia_documentos_online_req_en.pdf\" target=\"_blank\">How can i request documents online?<\/a><\/p>\n\n\n\n<p><a href=\"https:\/\/www.ipleiria.pt\/en\/wp-content\/uploads\/sites\/25\/2022\/04\/guide_autentic_documents_en_v1.0.pdf\" data-type=\"URL\" data-id=\"https:\/\/www.ipleiria.pt\/en\/wp-content\/uploads\/sites\/25\/2022\/04\/guide_autentic_documents_en_v1.0.pdf\" target=\"_blank\" rel=\"noreferrer noopener\">How can I make documents available to external entities?<\/a><\/p>\n\n\n\n<hr class=\"wp-block-separator has-css-opacity is-style-wide\"\/>\n\n\n\n<h2 class=\"is-style-theme-title\" id=\"enquiries\">Enquiries<\/h2>\n\n\n\n<div class=\"wp-container-7 wp-block-columns\">\n<div class=\"wp-container-5 wp-block-column\">\n<p>The Academic Services deal with students\u2019 administrative queries regarding enrolment, registration, fees, document requests, certificates, and others issues related to their academic life. <\/p>\n\n\n\n<p>Although we\u202fare still providing in-person support services, we kindly advise you to contact us by&nbsp;<a href=\"mailto:academicos@ipleiria.pt\">email<\/a>.<\/p>\n\n\n\n<p>Be aware that we are not currently accepting walk-in appointments, unless you have a <strong>pre-booked appointment<\/strong>.<\/p>\n\n\n\n<p>Skip queues and protect yourself.<\/p>\n<\/div>\n\n\n\n<div class=\"wp-container-6 wp-block-column\">\n<figure class=\"wp-block-image size-large\"><img loading=\"lazy\" width=\"1024\" height=\"683\" src=\"https:\/\/www.ipleiria.pt\/wp-content\/uploads\/2020\/12\/MG_4022-1024x683.jpg\" alt=\"\" class=\"wp-image-23183\" srcset=\"https:\/\/www.ipleiria.pt\/en\/wp-content\/uploads\/sites\/25\/2020\/12\/MG_4022-1024x683.jpg 1024w, https:\/\/www.ipleiria.pt\/en\/wp-content\/uploads\/sites\/25\/2020\/12\/MG_4022-300x200.jpg 300w, https:\/\/www.ipleiria.pt\/en\/wp-content\/uploads\/sites\/25\/2020\/12\/MG_4022-768x512.jpg 768w, https:\/\/www.ipleiria.pt\/en\/wp-content\/uploads\/sites\/25\/2020\/12\/MG_4022-1536x1024.jpg 1536w, https:\/\/www.ipleiria.pt\/en\/wp-content\/uploads\/sites\/25\/2020\/12\/MG_4022.jpg 1920w\" sizes=\"(max-width: 1024px) 100vw, 1024px\" \/><\/figure>\n<\/div>\n<\/div>\n\n\n\n<hr class=\"wp-block-separator has-css-opacity\"\/>\n\n\n\n<h3 id=\"opening-hours\">Opening hours<\/h3>\n\n\n\n<p><strong>Monday, Tuesday, Thursday and Friday<\/strong><br>Morning: 10h00 \u2013 12h30<br>Afternoon: 14h00 \u2013 16h00<\/p>\n\n\n\n<p><\/p>\n\n\n\n<p> <strong>Wednesday<\/strong><br>Morning: 10h00 \u2013 12h30<br>P\u00f3s laboral: 18h00 \u2013 20h00 *<\/p>\n\n\n\n<p>* Except Headquarters and Torres Vedras, which keep the same schedule from Monday to Friday.<\/p>\n\n\n\n<div id=\"gbc-_5c62c8-a2\" class=\"wp-block-pt-ipleiria-ued-wp-theme-ipleiria-gutenbergblocks-container gbc gbc-view row-valign-top align-full\" style=\"background-color:#F3F3F3;margin-top:60px;margin-bottom:60px\"><div class=\"gbc-background-overlay gbc-background-overlay-normal\" style=\"opacity:0.3\"><\/div><div class=\"gbc-wrapper\"><div id=\"gbc-container-gbc-_5c62c8-a2\" class=\"inner-container\">\n<div class=\"wp-container-10 wp-block-columns\">\n<div class=\"wp-container-8 wp-block-column is-vertically-aligned-top\">\n<figure class=\"wp-block-image size-large img-cover\"><img loading=\"lazy\" width=\"1024\" height=\"661\" src=\"https:\/\/www.ipleiria.pt\/wp-content\/uploads\/2021\/04\/MG_4130.jpg\" alt=\"\" class=\"wp-image-26153\" srcset=\"https:\/\/www.ipleiria.pt\/en\/wp-content\/uploads\/sites\/25\/2021\/04\/MG_4130.jpg 1024w, https:\/\/www.ipleiria.pt\/en\/wp-content\/uploads\/sites\/25\/2021\/04\/MG_4130-300x194.jpg 300w, https:\/\/www.ipleiria.pt\/en\/wp-content\/uploads\/sites\/25\/2021\/04\/MG_4130-768x496.jpg 768w\" sizes=\"(max-width: 1024px) 100vw, 1024px\" \/><\/figure>\n<\/div>\n\n\n\n<div class=\"wp-container-9 wp-block-column ml-0\">\n<div id=\"gbc-_ac7918-aa\" class=\"wp-block-pt-ipleiria-ued-wp-theme-ipleiria-gutenbergblocks-container gbc gbc-view row-valign-top align-full pl-md-4 scrollable-content\" style=\"margin-left:0px;margin-right:0px\"><div class=\"gbc-background-overlay gbc-background-overlay-normal\" style=\"opacity:0.3\"><\/div><div class=\"gbc-wrapper\"><div id=\"gbc-container-gbc-_ac7918-aa\" class=\"inner-container\" style=\"max-width:540px\">\n<div id=\"gbc-_af890c-a2\" class=\"wp-block-pt-ipleiria-ued-wp-theme-ipleiria-gutenbergblocks-container gbc gbc-view row-valign-top align-full pl-md-4\" style=\"margin-left:0px;margin-right:0px\"><div class=\"gbc-background-overlay gbc-background-overlay-normal\" style=\"opacity:0.3\"><\/div><div class=\"gbc-wrapper\" style=\"padding-left:15px;padding-right:15px;padding-top:42px;padding-bottom:15px\"><div id=\"gbc-container-gbc-_af890c-a2\" class=\"inner-container\">\n<p class=\"has-text-align-left is-style-theme-subtitle\">TEMPORARY<\/p>\n\n\n\n<h2 class=\"has-text-align-left is-style-theme-title\">Telephonic queries <\/h2>\n\n\n\n<div style=\"height:25px\" aria-hidden=\"true\" class=\"wp-block-spacer\"><\/div>\n\n\n\n<ul id=\"block-ba474f87-a084-4241-9207-0747a75e9fe8\"><li>ESECS: <strong>969 103 385<\/strong><\/li><li>ESTG \/ ESSLei: <strong>966 881 317<\/strong><\/li><li>ESAD.CR:<strong> 966 881 282<\/strong><\/li><li>ESTM: <strong>969 372 236<\/strong><\/li><li>Headquarters: <strong>969 409 635<\/strong><\/li><\/ul>\n<\/div><\/div><\/div>\n<\/div><\/div><\/div>\n<\/div>\n<\/div>\n<\/div><\/div><\/div>\n\n\n\n<div class=\"wp-container-14 wp-block-columns\">\n<div class=\"wp-container-12 wp-block-column\">\n<p class=\"is-style-theme-subtitle\">CAMPUS 1 . LEIRIA<\/p>\n\n\n\n<h2 class=\"is-style-theme-title\" id=\"esecs\">ESECS<\/h2>\n\n\n\n<p>Rua Dr. Jo\u00e3o Soares \u2013 Porto Moniz,<br>Apartado 4045, 2411 \u2013 901 Leiria<br>Tel: (+351) 244 829 400<br>Email:&nbsp;<a rel=\"noreferrer noopener\" href=\"mailto:academicos@ipleiria.pt\" target=\"_blank\">academicos@ipleiria.pt<\/a>&nbsp;<\/p>\n\n\n\n<div class=\"wp-container-11 wp-block-buttons\">\n<div class=\"wp-block-button is-style-theme-button-outline\"><a class=\"wp-block-button__link\" href=\"https:\/\/outlook.office365.com\/owa\/calendar\/DSACampus1@myipleiria.onmicrosoft.com\/bookings\/\" target=\"_blank\" rel=\"noreferrer noopener\">book an appointment<\/a><\/div>\n<\/div>\n<\/div>\n\n\n\n<div class=\"wp-container-13 wp-block-column\">\n<p><\/p>\n\n\n\n<h3>Team<\/h3>\n\n\n\n<p>Maria de F\u00e1tima Gouveia&nbsp;<br>Ana Noivo<br>Ana Sofia Duarte<br>Cristina Duarte<br>Maria Fernanda Loureiro<br>M\u00f3nica Marques<br>M\u00f3nica&nbsp;Rodrigues<br>Patr\u00edcia Marcelino<\/p>\n<\/div>\n<\/div>\n\n\n\n<hr class=\"wp-block-separator has-css-opacity\"\/>\n\n\n\n<div class=\"wp-container-27 wp-block-columns\">\n<div class=\"wp-container-16 wp-block-column\">\n<p class=\"is-style-theme-subtitle\">CAMPUS 2 . LEIRIA<\/p>\n\n\n\n<h2 class=\"is-style-theme-title\" id=\"estg-esslei\">ESTG . ESSLei<\/h2>\n\n\n\n<p>Morro do Lena \u2013 Alto do Vieiro,<br>Apartado 4163, 2411 \u2013 901 Leiria<br>Tel: (+351) 244 820 312<br>Email:&nbsp;<a rel=\"noreferrer noopener\" href=\"mailto:academicos@ipleiria.pt\" data-type=\"mailto\" data-id=\"mailto:academicos@ipleiria.pt\" target=\"_blank\">academicos@ipleiria.pt<\/a>&nbsp;<\/p>\n\n\n\n<div class=\"wp-container-15 wp-block-buttons\">\n<div class=\"wp-block-button is-style-theme-button-outline\"><a class=\"wp-block-button__link\" href=\"https:\/\/outlook.office365.com\/owa\/calendar\/DSACampus2@myipleiria.onmicrosoft.com\/bookings\/\" target=\"_blank\" rel=\"noreferrer noopener\">book an appointment<\/a><\/div>\n<\/div>\n<\/div>\n\n\n\n<div class=\"wp-container-26 wp-block-column\">\n<h3>Team<\/h3>\n\n\n\n<div class=\"wp-container-25 wp-block-columns\">\n<div class=\"wp-container-24 wp-block-column\" style=\"flex-basis:100%\">\n<div class=\"wp-container-23 wp-block-columns\">\n<div class=\"wp-container-22 wp-block-column\" style=\"flex-basis:100%\">\n<div class=\"wp-container-21 wp-block-columns\">\n<div class=\"wp-container-20 wp-block-column\" style=\"flex-basis:100%\">\n<div class=\"wp-container-19 wp-block-columns\">\n<div class=\"wp-container-17 wp-block-column\">\n<p>Lucinda Pereira<br>Alexandra Meco<br>Ana Margarida Barros<br>Andreia Azevedo<br>Carla Costa<br>Carla Oliveira<br>Elena Bernardino<br>Elisabete Simpl\u00edcio<br>Elsa Almeida<\/p>\n\n\n\n<p><\/p>\n<\/div>\n\n\n\n<div class=\"wp-container-18 wp-block-column\">\n<p>Gra\u00e7a Vieira<br>Liliana Pereira<br>Lorraine Louren\u00e7o<br>Maria Lopes<br>M\u00f3nica Fel\u00edcio<br>Ros\u00e1lia Ribeiro<br>Sandrine Fazendeiro<br>Sara Albino<br>Ver\u00f3nica Carvalho<\/p>\n<\/div>\n<\/div>\n<\/div>\n<\/div>\n<\/div>\n<\/div>\n<\/div>\n<\/div>\n<\/div>\n<\/div>\n\n\n\n<hr class=\"wp-block-separator has-css-opacity\"\/>\n\n\n\n<div class=\"wp-container-31 wp-block-columns\">\n<div class=\"wp-container-29 wp-block-column\">\n<p class=\"is-style-theme-subtitle\">CAMPUS 3 . CALDAS DA RAINHA<\/p>\n\n\n\n<h2 class=\"is-style-theme-title\" id=\"esadcr\">ESAD.CR<\/h2>\n\n\n\n<p>Rua Isidoro In\u00e1cio Alves de Carvalho,<br>Apartado 823, 2504 \u2013 917 Caldas da Rainha<br>Tel: (+351) 262 830 900<br>Email:&nbsp;<a rel=\"noreferrer noopener\" href=\"mailto:academicos@ipleiria.pt\" target=\"_blank\">academicos@ipleiria.pt<\/a>&nbsp;<\/p>\n\n\n\n<div class=\"wp-container-28 wp-block-buttons\">\n<div class=\"wp-block-button is-style-theme-button-outline\"><a class=\"wp-block-button__link\" href=\"https:\/\/outlook.office365.com\/owa\/calendar\/DSACampus3@myipleiria.onmicrosoft.com\/bookings\/\" target=\"_blank\" rel=\"noreferrer noopener\">book an appointment<\/a><\/div>\n<\/div>\n<\/div>\n\n\n\n<div class=\"wp-container-30 wp-block-column\">\n<h3>Team<\/h3>\n\n\n\n<p>Madalena Nunes<br>Ana Ramos<br>Daniel Branco<br>In\u00eas Oliveira<br>Maria Jos\u00e9 Figueiredo<br>Ot\u00edlia Louren\u00e7o<\/p>\n<\/div>\n<\/div>\n\n\n\n<hr class=\"wp-block-separator has-css-opacity\"\/>\n\n\n\n<div class=\"wp-container-35 wp-block-columns\">\n<div class=\"wp-container-33 wp-block-column\">\n<p class=\"is-style-theme-subtitle\">CAMPUS 4 . PENICHE<\/p>\n\n\n\n<h2 class=\"is-style-theme-title\" id=\"estm\">ESTM<\/h2>\n\n\n\n<p>Rua do Conhecimento, n.\u00ba 4<br>2520-614 Peniche<br>Tel: (+351) 262 783 607<br>Email:&nbsp;<a rel=\"noreferrer noopener\" href=\"mailto:academicos@ipleiria.pt\" target=\"_blank\">academicos@ipleiria.pt<\/a>&nbsp;<\/p>\n\n\n\n<div class=\"wp-container-32 wp-block-buttons\">\n<div class=\"wp-block-button is-style-theme-button-outline\"><a class=\"wp-block-button__link\" href=\"https:\/\/outlook.office365.com\/owa\/calendar\/DSACampus4@myipleiria.onmicrosoft.com\/bookings\/\" target=\"_blank\" rel=\"noreferrer noopener\">book an appointment<\/a><\/div>\n<\/div>\n<\/div>\n\n\n\n<div class=\"wp-container-34 wp-block-column\">\n<h3>Team<\/h3>\n\n\n\n<p>S\u00edlvia Vieira<br>Alda Faustino<br>Filipa Bento<br>Joana Lopes<br>Marta Gon\u00e7alves<\/p>\n<\/div>\n<\/div>\n\n\n\n<hr class=\"wp-block-separator has-css-opacity\"\/>\n\n\n\n<div class=\"wp-container-39 wp-block-columns\">\n<div class=\"wp-container-37 wp-block-column\">\n<p class=\"is-style-theme-subtitle\">TORRES VEDRAS<\/p>\n\n\n\n<h2 class=\"is-style-theme-title\" id=\"training-centre\">Training Centre<\/h2>\n\n\n\n<p>Torres Vedras LabCenter<br>Rua Serpa Pinto, n.\u00ba 7A<br>2560-661 Torres Vedras<br>Tel: (+351) 261 243 004<br>Email: <a rel=\"noreferrer noopener\" href=\"mailto:academicos@ipleiria.pt\" target=\"_blank\">academicos@ipleiria.pt<\/a><\/p>\n\n\n\n<div class=\"wp-container-36 wp-block-buttons\">\n<div class=\"wp-block-button is-style-theme-button-outline\"><a class=\"wp-block-button__link\" href=\"https:\/\/outlook.office365.com\/owa\/calendar\/DSATorresVedras@myipleiria.onmicrosoft.com\/bookings\/\" target=\"_blank\" rel=\"noreferrer noopener\">book an appointment<\/a><\/div>\n<\/div>\n<\/div>\n\n\n\n<div class=\"wp-container-38 wp-block-column\">\n<h3>Team<\/h3>\n\n\n\n<p>Mafalda&nbsp;Tim\u00f3teo<\/p>\n<\/div>\n<\/div>\n\n\n\n<hr class=\"wp-block-separator has-css-opacity\"\/>\n\n\n\n<div class=\"wp-container-43 wp-block-columns\">\n<div class=\"wp-container-41 wp-block-column\">\n<p class=\"is-style-theme-subtitle\">LEIRIA<\/p>\n\n\n\n<h2 class=\"is-style-theme-title\" id=\"headquarters\">Headquarters<\/h2>\n\n\n\n<p>Edif\u00edcio Sede \u2013 Rua General Norton de Matos,<br>Apartado 4133, 2411 \u2013 901 Leiria<br>Tel: (+351) 244 830 010<br>Email:&nbsp;<a rel=\"noreferrer noopener\" href=\"mailto:academicos@ipleiria.pt\" target=\"_blank\">academicos@ipleiria.pt<\/a><\/p>\n\n\n\n<div class=\"wp-container-40 wp-block-buttons\">\n<div class=\"wp-block-button is-style-theme-button-outline\"><a class=\"wp-block-button__link\" href=\"https:\/\/outlook.office365.com\/owa\/calendar\/DSAServiosCentrais@myipleiria.onmicrosoft.com\/bookings\/\" target=\"_blank\" rel=\"noreferrer noopener\">book an appointment<\/a><\/div>\n<\/div>\n<\/div>\n\n\n\n<div class=\"wp-container-42 wp-block-column\">\n<p><\/p>\n\n\n\n<h3>Team<\/h3>\n\n\n\n<p>Isabel Maria Para\u00edso Faria Lopes \u2013 Diretora dos Servi\u00e7os Acad\u00e9micos<br>Ana Margarida Sobreira<br>Ana Suzel Duarte<br>Carla Suzano<br>Gilmara Carvalho<br>Ilda Silva<br>Joana Silva<br>Patr\u00edcia dos Santos<br>Salom\u00e9 Santana<br>S\u00edlvia Oliveira<\/p>\n<\/div>\n<\/div>\n","protected":false},"excerpt":{"rendered":"polit\u00e9cnico de leiria Practical Information tutorials. Student portal Payments How can I obtain an ATM payment reference? Documents Online How can I get documents online? How can i request documents online? How can I make documents available to external entities? Enquiries The Academic Services deal with students\u2019 administrative queries regarding enrolment, registration, fees, document requests, [&hellip;]","protected":false},"author":1,"featured_media":26695,"parent":183,"menu_order":10,"comment_status":"closed","ping_status":"closed","template":"","meta":{"multilingual_post_translation":"{\"pt-PT\":{\"url\":\"https:\/\/www.ipleiria.pt\/estudar\/servicos-academicos\/plataformas-e-atendimento\/\",\"postID\":null,\"postTitle\":\"\",\"siteID\":1,\"customURL\":true,\"languageInfo\":{\"multilingual_site_api_url\":\"https:\/\/www.ipleiria.pt\/wp-json\/\",\"name\":\"Portugu\u00eas\",\"locale\":\"pt_PT\"}}}","custompostfields_page-thumbnail":"","custompostfields_banners":"","custompostfields_meta-description":""},"_links":{"self":[{"href":"https:\/\/www.ipleiria.pt\/en\/wp-json\/wp\/v2\/pages\/196"}],"collection":[{"href":"https:\/\/www.ipleiria.pt\/en\/wp-json\/wp\/v2\/pages"}],"about":[{"href":"https:\/\/www.ipleiria.pt\/en\/wp-json\/wp\/v2\/types\/page"}],"author":[{"embeddable":true,"href":"https:\/\/www.ipleiria.pt\/en\/wp-json\/wp\/v2\/users\/1"}],"replies":[{"embeddable":true,"href":"https:\/\/www.ipleiria.pt\/en\/wp-json\/wp\/v2\/comments?post=196"}],"version-history":[{"count":53,"href":"https:\/\/www.ipleiria.pt\/en\/wp-json\/wp\/v2\/pages\/196\/revisions"}],"predecessor-version":[{"id":45088,"href":"https:\/\/www.ipleiria.pt\/en\/wp-json\/wp\/v2\/pages\/196\/revisions\/45088"}],"up":[{"embeddable":true,"href":"https:\/\/www.ipleiria.pt\/en\/wp-json\/wp\/v2\/pages\/183"}],"wp:featuredmedia":[{"embeddable":true,"href":"https:\/\/www.ipleiria.pt\/en\/wp-json\/wp\/v2\/media\/26695"}],"wp:attachment":[{"href":"https:\/\/www.ipleiria.pt\/en\/wp-json\/wp\/v2\/media?parent=196"}],"curies":[{"name":"wp","href":"https:\/\/api.w.org\/{rel}","templated":true}]}}