{"id":475,"date":"2022-12-19T13:37:48","date_gmt":"2022-12-19T13:37:48","guid":{"rendered":"https:\/\/www.ipleiria.pt\/teste\/?page_id=475"},"modified":"2023-01-04T16:43:01","modified_gmt":"2023-01-04T16:43:01","slug":"innovative-practices-skills4future","status":"publish","type":"page","link":"https:\/\/www.ipleiria.pt\/innovativepractices\/","title":{"rendered":"Innovative Practices: Skills4future"},"content":{"rendered":"\n<div class=\"wp-container-3 wp-block-columns\">\n<div class=\"wp-container-1 wp-block-column\">\n<div style=\"height:50px\" aria-hidden=\"true\" class=\"wp-block-spacer\"><\/div>\n\n\n<div class=\"wp-block-image\">\n<figure class=\"alignleft size-full is-resized\"><img loading=\"lazy\" src=\"https:\/\/www.ipleiria.pt\/teste\/wp-content\/uploads\/sites\/34\/2022\/12\/logo.svg\" alt=\"\" class=\"wp-image-62\" width=\"326\" height=\"180\"\/><\/figure><\/div><\/div>\n\n\n\n<div class=\"wp-container-2 wp-block-column\">\n<figure class=\"wp-block-image size-full\"><img loading=\"lazy\" width=\"800\" height=\"800\" src=\"https:\/\/www.ipleiria.pt\/teste\/wp-content\/uploads\/sites\/34\/2022\/12\/banner.gif\" alt=\"\" class=\"wp-image-57\"\/><\/figure>\n<\/div>\n<\/div>\n\n\n\n<div style=\"height:100px\" aria-hidden=\"true\" class=\"wp-block-spacer\"><\/div>\n\n\n\n<div id=\"gbc-98814c-22\" class=\"wp-block-pt-ipleiria-ued-wp-theme-ipleiria-gutenbergblocks-container gbc gbc-view row-valign-top align-full\" style=\"background-color:#F2F2F2;margin-top:0px;margin-bottom:0px\"><div class=\"gbc-background-overlay gbc-background-overlay-normal\" style=\"opacity:0.3\"><\/div><div class=\"gbc-wrapper\" style=\"padding-top:150px;padding-bottom:150px\"><div id=\"gbc-container-gbc-98814c-22\" class=\"inner-container container\">\n<h2 class=\"S4F_BJ\">Sobre<\/h2>\n\n\n\n<div style=\"height:60px\" aria-hidden=\"true\" class=\"wp-block-spacer\"><\/div>\n\n\n\n<div class=\"wp-container-6 wp-block-columns\">\n<div class=\"wp-container-4 wp-block-column S4F_box has-background\" style=\"background-color:#fffefe;flex-basis:48%\">\n<figure class=\"wp-block-image size-full is-resized\"><img loading=\"lazy\" src=\"https:\/\/www.ipleiria.pt\/teste\/wp-content\/uploads\/sites\/34\/2022\/12\/projeto.svg\" alt=\"\" class=\"wp-image-65\" width=\"75\" height=\"75\"\/><\/figure>\n\n\n\n<h3 class=\"S4F_TITULOH3\">Sobre o projeto<\/h3>\n\n\n\n<p>Com este projeto pretende-se promover a transforma\u00e7\u00e3o significativa das pr\u00e1ticas pedag\u00f3gicas, transversal a diferentes n\u00edveis de ensino e a v\u00e1rias \u00e1reas cient\u00edficas, alinhado com o Plano Estrat\u00e9gico 2030 do Polit\u00e9cnico de Leiria.<\/p>\n<\/div>\n\n\n\n<div class=\"wp-container-5 wp-block-column S4F_box has-white-background-color has-background\" style=\"flex-basis:48%\">\n<figure class=\"wp-block-image size-full is-resized\"><img loading=\"lazy\" src=\"https:\/\/www.ipleiria.pt\/teste\/wp-content\/uploads\/sites\/34\/2022\/12\/quem.svg\" alt=\"\" class=\"wp-image-66\" width=\"75\" height=\"75\"\/><\/figure>\n\n\n\n<h3 class=\"S4F_TITULOH3\">A quem se destina<\/h3>\n\n\n\n<p>Destina-se a todos os docentes que procurem experi\u00eancias pedag\u00f3gicas inovadoras e que lecionam no Polit\u00e9cnico de Leiria, em cursos T\u00e9cnicos Superiores Profissionais (TeSP)e cursos conferentes de grau (Licenciaturas e Mestrados).<\/p>\n<\/div>\n<\/div>\n<\/div><\/div><\/div>\n\n\n\n<div id=\"gbc-d43014-0a\" class=\"wp-block-pt-ipleiria-ued-wp-theme-ipleiria-gutenbergblocks-container gbc gbc-view row-valign-top align-full\" style=\"background-color:#60269e;margin-top:0px\"><div class=\"gbc-background-overlay gbc-background-overlay-normal\" style=\"opacity:0.3\"><\/div><div class=\"gbc-wrapper\" style=\"padding-top:120px;padding-bottom:120px\"><div id=\"gbc-container-gbc-d43014-0a\" class=\"inner-container container\">\n<h2 class=\"has-text-align-center S4F_TITULOH2 has-white-color has-text-color\">Quero participar<\/h2>\n\n\n\n<div style=\"height:30px\" aria-hidden=\"true\" class=\"wp-block-spacer\"><\/div>\n\n\n\n<p class=\"has-text-align-center has-text-color\" style=\"color:#fffefe\">\u00c9 professor do Polit\u00e9cnico de Leiria e pretende implementar pr\u00e1ticas educativas que sejam inspiradoras e promovam uma mudan\u00e7a na aprendizagem?<br>Este desafio \u00e9 para si!<\/p>\n\n\n\n<div class=\"wp-container-7 is-content-justification-center wp-block-buttons\">\n<div class=\"wp-block-button is-style-fill\"><a class=\"wp-block-button__link\" href=\"https:\/\/www.ipleiria.pt\/innovativepractices\/sobre\/\" style=\"border-radius:0px\">Saiba mais<\/a><\/div>\n<\/div>\n<\/div><\/div><\/div>\n\n\n\n<div id=\"gbc-13dbbe-d5\" class=\"wp-block-pt-ipleiria-ued-wp-theme-ipleiria-gutenbergblocks-container gbc gbc-view row-valign-top align-full\"><div class=\"gbc-background-overlay gbc-background-overlay-normal\" style=\"opacity:0.3\"><\/div><div class=\"gbc-wrapper\"><div id=\"gbc-container-gbc-13dbbe-d5\" class=\"inner-container\">\n<div class=\"wp-container-15 wp-block-columns\">\n<div class=\"wp-container-13 wp-block-column m-0 px-sm-4\" style=\"flex-basis:50%\">\n<div id=\"gbc-4542d6-74\" class=\"wp-block-pt-ipleiria-ued-wp-theme-ipleiria-gutenbergblocks-container gbc gbc-view row-valign-top align-full float-right clearfix\" style=\"margin-left:0px;margin-right:0px\"><div class=\"gbc-background-overlay gbc-background-overlay-normal\" style=\"opacity:0.3\"><\/div><div class=\"gbc-wrapper\" style=\"padding-left:15px;padding-right:15px;padding-top:42px;padding-bottom:15px\"><div id=\"gbc-container-gbc-4542d6-74\" class=\"inner-container\" style=\"max-width:540px\">\n<div style=\"height:100px\" aria-hidden=\"true\" class=\"wp-block-spacer\"><\/div>\n\n\n\n<h2 class=\"S4F_BJ\">EVENTO<\/h2>\n\n\n\n<h2 class=\"S4F_TITULOH2\">Encontro <br>do projeto<\/h2>\n\n\n\n<h3 class=\"S4F_H3 has-text-color\">19.janeiro.2023<br>9h30 &gt; 13h00<\/h3>\n\n\n\n<div style=\"height:10px\" aria-hidden=\"true\" class=\"wp-block-spacer\"><\/div>\n\n\n\n<p class=\"has-text-color\" style=\"color:#60269e\"><strong>ESECS<\/strong> audit\u00f3rio<\/p>\n\n\n\n<div style=\"height:10px\" aria-hidden=\"true\" class=\"wp-block-spacer\"><\/div>\n\n\n\n<p>O Polit\u00e9cnico de Leiria, em colabora\u00e7\u00e3o com a Unidade de Ensino a Dist\u00e2ncia, organiza o 1\u00ba encontro do Projeto SKILLS4FUTURE: INNOVATIVE PRACTICES, com o objetivo de apresentar as linhas de trabalho do projeto e convidar todos os professores \u00e0 sua participa\u00e7\u00e3o. Neste evento, convidamos a Professora Doutora Paula Peres (Instituto Polit\u00e9cnico do Porto) para nos falar sobre&nbsp; inova\u00e7\u00e3o pedag\u00f3gica no Ensino Superior.<\/p>\n\n\n\n<div style=\"height:40px\" aria-hidden=\"true\" class=\"wp-block-spacer\"><\/div>\n\n\n\n<div class=\"wp-container-12 wp-block-columns\">\n<div class=\"wp-container-9 wp-block-column\">\n<div class=\"wp-container-8 wp-block-buttons\">\n<div class=\"wp-block-button is-style-outline\"><a class=\"wp-block-button__link\" href=\"https:\/\/www.ipleiria.pt\/innovativepractices\/evento\/\" style=\"border-radius:0px\">Programa<\/a><\/div>\n<\/div>\n<\/div>\n\n\n\n<div class=\"wp-container-11 wp-block-column\">\n<div class=\"wp-container-10 wp-block-buttons\">\n<div class=\"wp-block-button is-style-outline\"><a class=\"wp-block-button__link\" href=\"https:\/\/up2u.ipleiria.pt\/lms\/course\/view.php?id=321\" style=\"border-radius:0px\" target=\"_blank\" rel=\"noreferrer noopener\">Inscri\u00e7\u00e3o<\/a><\/div>\n<\/div>\n<\/div>\n<\/div>\n<\/div><\/div><\/div>\n<\/div>\n\n\n\n<div class=\"wp-container-14 wp-block-column m-0 d-print-none\">\n<figure class=\"wp-block-image alignwide size-full\"><img src=\"https:\/\/www.ipleiria.pt\/teste\/wp-content\/uploads\/sites\/34\/2022\/12\/forma2-21.svg\" alt=\"\" class=\"wp-image-146\"\/><\/figure>\n<\/div>\n<\/div>\n<\/div><\/div><\/div>\n\n\n\n<div id=\"gbc-98814c-22\" class=\"wp-block-pt-ipleiria-ued-wp-theme-ipleiria-gutenbergblocks-container gbc gbc-view row-valign-top align-full\" style=\"background-color:#F2F2F2;margin-top:0px;margin-bottom:-25px\"><div class=\"gbc-background-overlay gbc-background-overlay-normal\" style=\"opacity:0.3\"><\/div><div class=\"gbc-wrapper\" style=\"padding-top:100px;padding-bottom:100px\"><div id=\"gbc-container-gbc-98814c-22\" class=\"inner-container container\">\n<h2 class=\"S4F_BJ\">EQUIPA<\/h2>\n\n\n\n<div style=\"height:60px\" aria-hidden=\"true\" class=\"wp-block-spacer\"><\/div>\n\n\n\n<div class=\"wp-container-20 wp-block-columns\">\n<div class=\"wp-container-16 wp-block-column\">\n<div class=\"wp-block-pt-ipleiria-ued-wp-theme-ipleiria-gutenbergblocks-infobox gbib gbib-view is-style-theme-infobox-caps\"><div class=\"gbib-wrapper gbib-image-wrapper\"><img class=\"gbib-image\" src=\"https:\/\/www.ipleiria.pt\/innovativepractices\/wp-content\/uploads\/sites\/34\/2022\/12\/foto_Graca-03-03.png\" alt=\"\"\/><\/div><div class=\"gbib-wrapper gbib-title-wrapper\"><h2 class=\"gbib-title\">Gra\u00e7a Po\u00e7as Santos<\/h2><\/div><div class=\"gbib-wrapper gbib-description-wrapper\"><div class=\"gbib-description\">Coordenador do Projeto<\/div><\/div><\/div>\n<\/div>\n\n\n\n<div class=\"wp-container-17 wp-block-column\">\n<div class=\"wp-block-pt-ipleiria-ued-wp-theme-ipleiria-gutenbergblocks-infobox gbib gbib-view is-style-theme-infobox-caps\"><div class=\"gbib-wrapper gbib-image-wrapper\"><img class=\"gbib-image\" src=\"https:\/\/www.ipleiria.pt\/innovativepractices\/wp-content\/uploads\/sites\/34\/2022\/12\/foto_Susana-06.png\" alt=\"\"\/><\/div><div class=\"gbib-wrapper gbib-title-wrapper\"><h2 class=\"gbib-title\">Susana Reis<\/h2><\/div><div class=\"gbib-wrapper gbib-description-wrapper\"><div class=\"gbib-description\">Especialista do Projeto<\/div><\/div><\/div>\n<\/div>\n\n\n\n<div class=\"wp-container-18 wp-block-column\">\n<div class=\"wp-block-pt-ipleiria-ued-wp-theme-ipleiria-gutenbergblocks-infobox gbib gbib-view is-style-theme-infobox-caps\"><div class=\"gbib-wrapper gbib-image-wrapper\"><img class=\"gbib-image\" src=\"https:\/\/www.ipleiria.pt\/innovativepractices\/wp-content\/uploads\/sites\/34\/2022\/12\/foto_Paula-07.png\" alt=\"\"\/><\/div><div class=\"gbib-wrapper gbib-title-wrapper\"><h2 class=\"gbib-title\">Paula Cardoso<\/h2><\/div><div class=\"gbib-wrapper gbib-description-wrapper\"><div class=\"gbib-description\">Especialista do Projeto<\/div><\/div><\/div>\n<\/div>\n\n\n\n<div class=\"wp-container-19 wp-block-column\">\n<div class=\"wp-block-pt-ipleiria-ued-wp-theme-ipleiria-gutenbergblocks-infobox gbib gbib-view is-style-theme-infobox-caps\"><div class=\"gbib-wrapper gbib-image-wrapper\"><img class=\"gbib-image\" src=\"https:\/\/www.ipleiria.pt\/innovativepractices\/wp-content\/uploads\/sites\/34\/2022\/12\/foto_Marlene-08.png\" alt=\"\"\/><\/div><div class=\"gbib-wrapper gbib-title-wrapper\"><h2 class=\"gbib-title\">Marlene Rosa<\/h2><\/div><div class=\"gbib-wrapper gbib-description-wrapper\"><div class=\"gbib-description\">Especialista do Projeto<\/div><\/div><\/div>\n<\/div>\n<\/div>\n\n\n\n<div class=\"wp-container-25 wp-block-columns\">\n<div class=\"wp-container-21 wp-block-column\">\n<div class=\"wp-block-pt-ipleiria-ued-wp-theme-ipleiria-gutenbergblocks-infobox gbib gbib-view is-style-theme-infobox-caps\"><div class=\"gbib-wrapper gbib-image-wrapper\"><img class=\"gbib-image\" src=\"https:\/\/www.ipleiria.pt\/innovativepractices\/wp-content\/uploads\/sites\/34\/2022\/12\/foto_carina-10.png\" alt=\"\"\/><\/div><div class=\"gbib-wrapper gbib-title-wrapper\"><h2 class=\"gbib-title\">Carina Rodrigues<\/h2><\/div><div class=\"gbib-wrapper gbib-description-wrapper\"><div class=\"gbib-description\">Did\u00e1tico-pedag\u00f3gica<\/div><\/div><\/div>\n<\/div>\n\n\n\n<div class=\"wp-container-22 wp-block-column\">\n<div class=\"wp-block-pt-ipleiria-ued-wp-theme-ipleiria-gutenbergblocks-infobox gbib gbib-view is-style-theme-infobox-caps\"><div class=\"gbib-wrapper gbib-image-wrapper\"><img class=\"gbib-image\" src=\"https:\/\/www.ipleiria.pt\/innovativepractices\/wp-content\/uploads\/sites\/34\/2022\/12\/foto_joana.png\" alt=\"\"\/><\/div><div class=\"gbib-wrapper gbib-title-wrapper\"><h2 class=\"gbib-title\">Joana Mineiro<\/h2><\/div><div class=\"gbib-wrapper gbib-description-wrapper\"><div class=\"gbib-description\">Design de comunica\u00e7\u00e3o<\/div><\/div><\/div>\n<\/div>\n\n\n\n<div class=\"wp-container-23 wp-block-column\">\n<div class=\"wp-block-pt-ipleiria-ued-wp-theme-ipleiria-gutenbergblocks-infobox gbib gbib-view is-style-theme-infobox-caps\"><div class=\"gbib-wrapper gbib-image-wrapper\"><img class=\"gbib-image\" src=\"https:\/\/www.ipleiria.pt\/innovativepractices\/wp-content\/uploads\/sites\/34\/2022\/12\/foto_catarina-25.png\" alt=\"\"\/><\/div><div class=\"gbib-wrapper gbib-title-wrapper\"><h2 class=\"gbib-title\">Catarina Maximiano<\/h2><\/div><div class=\"gbib-wrapper gbib-description-wrapper\"><div class=\"gbib-description\">Inform\u00e1tica e desenvolvimento<\/div><\/div><\/div>\n<\/div>\n\n\n\n<div class=\"wp-container-24 wp-block-column\">\n<div class=\"wp-block-pt-ipleiria-ued-wp-theme-ipleiria-gutenbergblocks-infobox gbib gbib-view is-style-theme-infobox-caps\"><div class=\"gbib-wrapper gbib-image-wrapper\"><img class=\"gbib-image\" src=\"https:\/\/www.ipleiria.pt\/innovativepractices\/wp-content\/uploads\/sites\/34\/2022\/12\/foto_sonia-24.png\" alt=\"\"\/><\/div><div class=\"gbib-wrapper gbib-title-wrapper\"><h2 class=\"gbib-title\">S\u00f3nia Pedro<\/h2><\/div><div class=\"gbib-wrapper gbib-description-wrapper\"><div class=\"gbib-description\">Revis\u00e3o de conte\u00fados<\/div><\/div><\/div>\n<\/div>\n<\/div>\n\n\n\n<div class=\"wp-container-30 wp-block-columns\">\n<div class=\"wp-container-26 wp-block-column\">\n<div class=\"wp-block-pt-ipleiria-ued-wp-theme-ipleiria-gutenbergblocks-infobox gbib gbib-view is-style-theme-infobox-caps\"><div class=\"gbib-wrapper gbib-image-wrapper\"><img class=\"gbib-image\" src=\"https:\/\/www.ipleiria.pt\/innovativepractices\/wp-content\/uploads\/sites\/34\/2022\/12\/foto_sandrina-12.png\" alt=\"\"\/><\/div><div class=\"gbib-wrapper gbib-title-wrapper\"><h2 class=\"gbib-title\">Sandrina Antunes<\/h2><\/div><div class=\"gbib-wrapper gbib-description-wrapper\"><div class=\"gbib-description\">Gest\u00e3o financeira<\/div><\/div><\/div>\n<\/div>\n\n\n\n<div class=\"wp-container-27 wp-block-column\"><\/div>\n\n\n\n<div class=\"wp-container-28 wp-block-column\"><\/div>\n\n\n\n<div class=\"wp-container-29 wp-block-column\"><\/div>\n<\/div>\n<\/div><\/div><\/div>\n","protected":false},"excerpt":{"rendered":"","protected":false},"author":4,"featured_media":0,"parent":0,"menu_order":0,"comment_status":"closed","ping_status":"closed","template":"","meta":[],"_links":{"self":[{"href":"https:\/\/www.ipleiria.pt\/innovativepractices\/wp-json\/wp\/v2\/pages\/475"}],"collection":[{"href":"https:\/\/www.ipleiria.pt\/innovativepractices\/wp-json\/wp\/v2\/pages"}],"about":[{"href":"https:\/\/www.ipleiria.pt\/innovativepractices\/wp-json\/wp\/v2\/types\/page"}],"author":[{"embeddable":true,"href":"https:\/\/www.ipleiria.pt\/innovativepractices\/wp-json\/wp\/v2\/users\/4"}],"replies":[{"embeddable":true,"href":"https:\/\/www.ipleiria.pt\/innovativepractices\/wp-json\/wp\/v2\/comments?post=475"}],"version-history":[{"count":50,"href":"https:\/\/www.ipleiria.pt\/innovativepractices\/wp-json\/wp\/v2\/pages\/475\/revisions"}],"predecessor-version":[{"id":697,"href":"https:\/\/www.ipleiria.pt\/innovativepractices\/wp-json\/wp\/v2\/pages\/475\/revisions\/697"}],"wp:attachment":[{"href":"https:\/\/www.ipleiria.pt\/innovativepractices\/wp-json\/wp\/v2\/media?parent=475"}],"curies":[{"name":"wp","href":"https:\/\/api.w.org\/{rel}","templated":true}]}}