{"id":1443,"date":"2019-02-08T17:58:44","date_gmt":"2019-02-08T17:58:44","guid":{"rendered":"https:\/\/www.ipleiria.pt\/esad\/?page_id=1443"},"modified":"2019-08-27T01:38:47","modified_gmt":"2019-08-27T00:38:47","slug":"quality-assurance","status":"publish","type":"page","link":"https:\/\/www.ipleiria.pt\/esadcr\/en\/school\/quality-assurance\/","title":{"rendered":"Quality Assurance"},"content":{"rendered":"\n<h3><a href=\"https:\/\/avaliacaopedagogica.ipleiria.pt\/auth\/login\" target=\"_blank\" rel=\"noreferrer noopener\" aria-label=\"Plataforma de avalia\u00e7\u00e3o pedag\u00f3gica (opens in a new tab)\">Plataforma de avalia\u00e7\u00e3o pedag\u00f3gica<\/a><\/h3>\n\n\n\n<p class=\"\">Sistema para apresenta\u00e7\u00e3o dos resultados pedag\u00f3gicos dos inqu\u00e9ritos do IPLeiria.  <br>Este sistema est\u00e1 dispon\u00edvel para estudantes e docentes do IPLeiria. <\/p>\n\n\n\n<p class=\"\"><\/p>\n\n\n\n<h3><a href=\"https:\/\/www.sicursos.ipleiria.pt\/Login.aspx?ReturnUrl=%2f\" target=\"_blank\" rel=\"noreferrer noopener\" aria-label=\"Relat\u00f3rio Anual de Avalia\u00e7\u00e3o de Curso (opens in a new tab)\">Relat\u00f3rio Anual de Avalia\u00e7\u00e3o de Curso<\/a> <\/h3>\n\n\n\n<p class=\"\">Anualmente \u00e9 elaborado pelo coordenador de cada curso um  relat\u00f3rio s\u00edntese das atividades do curso.<\/p>\n\n\n\n<h3> <a href=\"http:\/\/bit.ly\/2nvboF2\">Avalia\u00e7\u00e3o\/Acredita\u00e7\u00e3o de cursos &#8211; A3ES<\/a> <\/h3>\n\n\n\n<p class=\"\">A  Ag\u00eancia de Avalia\u00e7\u00e3o e Acredita\u00e7\u00e3o do Ensino Superior (A3ES) \u00e9 a entidade nacional  que aprova o regime dos procedimentos de avalia\u00e7\u00e3o e de acredita\u00e7\u00e3o das institui\u00e7\u00f5es de ensino superior e dos seus ciclos de estudos. Nesse sentido, a cria\u00e7\u00e3o de novos ciclos de estudos est\u00e1 sujeita \u00e0 acredita\u00e7\u00e3o da A3ES.<\/p>\n\n\n\n<h3><a href=\"https:\/\/www.ipleiria.pt\/wp-content\/uploads\/2018\/07\/MASIGQ_PolitecnicoLeiria_2018.pdf\" target=\"_blank\" rel=\"noreferrer noopener\" aria-label=\" Manual de Apoio ao Sistema Interno de Garantia da Qualidade (opens in a new tab)\"> Manual de Apoio ao Sistema Interno de Garantia da Qualidade<\/a> <\/h3>\n\n\n\n<p class=\"\">O Sistema Interno de Garantia da Qualidade do IPLeiria \u2013 SIGQ\/IPLeiria \u2013 traduz-se na implementa\u00e7\u00e3o de estrat\u00e9gias e pol\u00edticas de garantia da qualidade dos seus ciclos de estudos, bem como dos procedimentos adequados \u00e0 sua concretiza\u00e7\u00e3o, com vista \u00e0 melhoria cont\u00ednua. O Manual de Apoio ao Sistema Interno de Garantia da Qualidade do Polit\u00e9cnico de Leiria estabelece as bases de todo o sistema, definindo e caracterizando os principais mecanismos, processos e intervenientes.<\/p>\n\n\n\n<h3>Pr\u00e9mios ESAD.CR<\/h3>\n\n\n\n<p class=\"\"> Listagem com  as v\u00e1rias distin\u00e7\u00f5es da ESAD.CR, dos seus estudantes e professores no \u00e2mbito de v\u00e1rios pr\u00e9mios e concursos. <\/p>\n\n\n\n<div class=\"wp-block-file\"><a href=\"https:\/\/www.ipleiria.pt\/esadcr\/en\/wp-content\/uploads\/sites\/22\/2019\/04\/Tabela-de-pr\u00e9mios-4-abril-2019.pdf\" target=\"_blank\" rel=\"noreferrer noopener\">Tabela de pr\u00e9mios (atualiza\u00e7\u00e3o 2018)<\/a><\/div>\n","protected":false},"excerpt":{"rendered":"Plataforma de avalia\u00e7\u00e3o pedag\u00f3gica Sistema para apresenta\u00e7\u00e3o dos resultados pedag\u00f3gicos dos inqu\u00e9ritos do IPLeiria. Este sistema est\u00e1 dispon\u00edvel para estudantes e docentes do IPLeiria. Relat\u00f3rio Anual de Avalia\u00e7\u00e3o de Curso Anualmente \u00e9 elaborado pelo coordenador de cada curso um relat\u00f3rio s\u00edntese das atividades do curso. Avalia\u00e7\u00e3o\/Acredita\u00e7\u00e3o de cursos &#8211; A3ES A Ag\u00eancia de Avalia\u00e7\u00e3o e [&hellip;]","protected":false},"author":1,"featured_media":2759,"parent":32,"menu_order":520,"comment_status":"closed","ping_status":"closed","template":"","meta":{"multilingual_post_translation":"{\"pt-PT\":{\"url\":\"https:\/\/www.ipleiria.pt\/esadcr\/escola\/avaliacao-e-qualidade\/\",\"postID\":1443,\"postTitle\":\"Avalia\u00e7\u00e3o e Qualidade\",\"siteID\":17,\"customURL\":false,\"languageInfo\":{\"multilingual_site_api_url\":\"https:\/\/www.ipleiria.pt\/esadcr\/wp-json\/\",\"name\":\"Portugu\u00eas\",\"locale\":\"pt_PT\"}}}","custompostfields_banners":""},"_links":{"self":[{"href":"https:\/\/www.ipleiria.pt\/esadcr\/en\/wp-json\/wp\/v2\/pages\/1443"}],"collection":[{"href":"https:\/\/www.ipleiria.pt\/esadcr\/en\/wp-json\/wp\/v2\/pages"}],"about":[{"href":"https:\/\/www.ipleiria.pt\/esadcr\/en\/wp-json\/wp\/v2\/types\/page"}],"author":[{"embeddable":true,"href":"https:\/\/www.ipleiria.pt\/esadcr\/en\/wp-json\/wp\/v2\/users\/1"}],"replies":[{"embeddable":true,"href":"https:\/\/www.ipleiria.pt\/esadcr\/en\/wp-json\/wp\/v2\/comments?post=1443"}],"version-history":[{"count":1,"href":"https:\/\/www.ipleiria.pt\/esadcr\/en\/wp-json\/wp\/v2\/pages\/1443\/revisions"}],"predecessor-version":[{"id":4355,"href":"https:\/\/www.ipleiria.pt\/esadcr\/en\/wp-json\/wp\/v2\/pages\/1443\/revisions\/4355"}],"up":[{"embeddable":true,"href":"https:\/\/www.ipleiria.pt\/esadcr\/en\/wp-json\/wp\/v2\/pages\/32"}],"wp:featuredmedia":[{"embeddable":true,"href":"https:\/\/www.ipleiria.pt\/esadcr\/en\/wp-json\/wp\/v2\/media\/2759"}],"wp:attachment":[{"href":"https:\/\/www.ipleiria.pt\/esadcr\/en\/wp-json\/wp\/v2\/media?parent=1443"}],"curies":[{"name":"wp","href":"https:\/\/api.w.org\/{rel}","templated":true}]}}