{"id":32,"date":"2019-01-26T16:45:00","date_gmt":"2019-01-26T16:45:00","guid":{"rendered":"http:\/\/localhost\/esad\/?page_id=24"},"modified":"2022-01-17T10:17:39","modified_gmt":"2022-01-17T10:17:39","slug":"escola","status":"publish","type":"page","link":"https:\/\/www.ipleiria.pt\/esadcr\/escola\/","title":{"rendered":"ESAD.CR"},"content":{"rendered":"\n<div class=\"wp-container-3 wp-block-columns has-2-columns\">\n<div class=\"wp-container-1 wp-block-column\" style=\"flex-basis:33%\">\n<div style=\"height:35px\" aria-hidden=\"true\" class=\"wp-block-spacer\"><\/div>\n\n\n\n<figure class=\"wp-block-image size-large\"><img loading=\"lazy\" width=\"340\" height=\"1024\" src=\"https:\/\/www.ipleiria.pt\/esadcr\/wp-content\/uploads\/sites\/17\/2020\/01\/apresentacao-escola_2020-340x1024.jpg\" alt=\"\" class=\"wp-image-6286\" srcset=\"https:\/\/www.ipleiria.pt\/esadcr\/wp-content\/uploads\/sites\/17\/2020\/01\/apresentacao-escola_2020-340x1024.jpg 340w, https:\/\/www.ipleiria.pt\/esadcr\/wp-content\/uploads\/sites\/17\/2020\/01\/apresentacao-escola_2020-100x300.jpg 100w, https:\/\/www.ipleiria.pt\/esadcr\/wp-content\/uploads\/sites\/17\/2020\/01\/apresentacao-escola_2020-50x150.jpg 50w, https:\/\/www.ipleiria.pt\/esadcr\/wp-content\/uploads\/sites\/17\/2020\/01\/apresentacao-escola_2020-85x255.jpg 85w, https:\/\/www.ipleiria.pt\/esadcr\/wp-content\/uploads\/sites\/17\/2020\/01\/apresentacao-escola_2020-129x390.jpg 129w, https:\/\/www.ipleiria.pt\/esadcr\/wp-content\/uploads\/sites\/17\/2020\/01\/apresentacao-escola_2020-179x540.jpg 179w, https:\/\/www.ipleiria.pt\/esadcr\/wp-content\/uploads\/sites\/17\/2020\/01\/apresentacao-escola_2020-91x275.jpg 91w, https:\/\/www.ipleiria.pt\/esadcr\/wp-content\/uploads\/sites\/17\/2020\/01\/apresentacao-escola_2020-65x195.jpg 65w, https:\/\/www.ipleiria.pt\/esadcr\/wp-content\/uploads\/sites\/17\/2020\/01\/apresentacao-escola_2020.jpg 365w\" sizes=\"(max-width: 340px) 100vw, 340px\" \/><\/figure>\n\n\n\n<p><\/p>\n<\/div>\n\n\n\n<div class=\"wp-container-2 wp-block-column\" style=\"flex-basis:67%\">\n<h2 class=\"has-text-align-left\">Escola Superior de Artes e Design <\/h2>\n\n\n\n<h3 class=\"has-text-align-left\"> ESAD.CR abre-te o mundo.<\/h3>\n\n\n\n<p> <br> A ESAD.CR \u00e9 uma institui\u00e7\u00e3o de ensino e investiga\u00e7\u00e3o que comemora 30 anos, com amplo reconhecimento internacional e nacional. <\/p>\n\n\n\n<p>A ESAD.CR situa-se nas Caldas da Rainha, uma cidade situada no centro litoral atl\u00e2ntico de Portugal, pr\u00f3xima de Lisboa. Integrada numa regi\u00e3o de grande desenvolvimento econ\u00f3mico, cultural e de bem-estar. Possui acessibilidades privilegiadas a todo o pa\u00eds. \u00c9 ainda uma cidade das artes. As Caldas da Rainha possuem um ambiente criativo, estimulante e atrativo. <\/p>\n\n\n\n<p>Na ESAD.CR, a forma\u00e7\u00e3o apoia-se em processos de ensino-aprendizagem pr\u00e1ticos, cr\u00edticos e de natureza experimental, intermediados por intensos debates te\u00f3ricos e transdisciplinares sobre a cultura contempor\u00e2nea e as suas m\u00faltiplas formas de express\u00e3o. Fornecemos uma forma\u00e7\u00e3o que d\u00e1 resposta \u00e0s exig\u00eancias do presente e do futuro. Uma forma\u00e7\u00e3o interdisciplinar, tecnologicamente sustentada e criativa. O ensino individualizado, a investiga\u00e7\u00e3o atualizada e a aten\u00e7\u00e3o \u00e0s \u00e1reas profissionais emergentes fazem da ESAD.CR uma refer\u00eancia no panorama nacional e internacional. <\/p>\n\n\n\n<p>A ESAD.CR conta atualmente com 1650 estudantes e mais de 130 docentes. Os seus professores s\u00e3o profissionais experientes e reconhecidos internacionalmente nas mais variadas \u00e1reas criativas. O edif\u00edcio da Escola foi pensado e constru\u00eddo em torno dos espa\u00e7os de atelier e oficinas, sendo um dos projetos mais singulares e completos do ensino art\u00edstico nacional. O seu campus organiza-se em torno de 4 edif\u00edcios espa\u00e7osos e bem equipados, localizados entre carvalhos e pinheiros. Os seus laborat\u00f3rios e oficinais, bem equipados, permitem o acesso \u00e0s mais variadas tecnologias, desde as tradicionais como Fotografia Anal\u00f3gica, Gravura, Cer\u00e2mica, Madeiras ou Metais, \u00e0s mais atuais como Fotografia Digital, Impress\u00e3o Digital, Prototipagem e Impress\u00e3o 3D, Audiovisuais ou Multim\u00e9dia. <\/p>\n\n\n\n<p> A ESAD.CR oferece cursos de licenciatura em Artes Pl\u00e1sticas, Design Industrial, Design de Produto em Cer\u00e2mica e Vidro, Design Gr\u00e1fico e Multim\u00e9dia, Design de Ambientes, Som e Imagem, Teatro e Programa\u00e7\u00e3o e Produ\u00e7\u00e3o Cultural. Esta oferta complementa-se com os cursos de mestrado em Artes Pl\u00e1sticas, Design do Produto, Gest\u00e3o Cultural, Design Gr\u00e1fico e Design para a Sa\u00fade e Bem-Estar. Assim como uma estimulante oferta de cursos TeSP nas \u00e1reas da prototipagem digital, produ\u00e7\u00e3o gr\u00e1fica, media digitais e audiovisuais e multim\u00e9dia. <\/p>\n\n\n\n<p> A ESAD.CR compromete-se com a integra\u00e7\u00e3o e com o sucesso pessoal e profissional dos seus estudantes, nos campos das artes, do design e da cultura. Para isso, apostamos no desenvolvimento permanente de processos de ensino-aprendizagem inovadores e na qualifica\u00e7\u00e3o do pessoal docente, t\u00e9cnico e administrativo. <\/p>\n\n\n\n<p>Na ESAD.CR a investiga\u00e7\u00e3o aplicada desenvolve-se em paralelo com a atividade dos cursos de mestrado, num compromisso c\u00edvico para o desenvolvimento sustent\u00e1vel do territ\u00f3rio. <br> A manuten\u00e7\u00e3o de uma posi\u00e7\u00e3o de relevo implica capacidade de adapta\u00e7\u00e3o \u00e0s exig\u00eancias e complexidades do mundo contempor\u00e2neo. <\/p>\n\n\n\n<p>A ESAD.CR \u00e9 uma Escola com o mundo que promove ativamente a coopera\u00e7\u00e3o internacional. <\/p>\n\n\n\n<div style=\"height:20px\" aria-hidden=\"true\" class=\"wp-block-spacer\"><\/div>\n\n\n\n<p>A ESAD.CR abre-te o mundo porque est\u00e1 aberta ao mundo. <\/p>\n<\/div>\n<\/div>\n","protected":false},"excerpt":{"rendered":"Escola Superior de Artes e Design ESAD.CR abre-te o mundo. A ESAD.CR \u00e9 uma institui\u00e7\u00e3o de ensino e investiga\u00e7\u00e3o que comemora 30 anos, com amplo reconhecimento internacional e nacional. A ESAD.CR situa-se nas Caldas da Rainha, uma cidade situada no centro litoral atl\u00e2ntico de Portugal, pr\u00f3xima de Lisboa. Integrada numa regi\u00e3o de grande desenvolvimento econ\u00f3mico, [&hellip;]","protected":false},"author":1,"featured_media":7340,"parent":0,"menu_order":10,"comment_status":"closed","ping_status":"closed","template":"","meta":{"multilingual_post_translation":"{\"en-GB\":{\"url\":\"https:\/\/www.ipleiria.pt\/esadcr\/en\/school\/\",\"postID\":32,\"postTitle\":\"ESAD.CR\",\"siteID\":22,\"customURL\":false,\"languageInfo\":{\"multilingual_site_api_url\":\"https:\/\/www.ipleiria.pt\/esadcr\/en\/wp-json\/\",\"name\":\"English\",\"locale\":\"en_GB\"}}}","custompostfields_banners":"","custompostfields_post-association_course-gallery":{"id":14567,"title":"Galeria ESAD.CR","url":"https:\/\/www.ipleiria.pt\/esadcr\/gallery\/galeria-esad-cr\/","type":"post","subtype":"gallery"}},"_links":{"self":[{"href":"https:\/\/www.ipleiria.pt\/esadcr\/wp-json\/wp\/v2\/pages\/32"}],"collection":[{"href":"https:\/\/www.ipleiria.pt\/esadcr\/wp-json\/wp\/v2\/pages"}],"about":[{"href":"https:\/\/www.ipleiria.pt\/esadcr\/wp-json\/wp\/v2\/types\/page"}],"author":[{"embeddable":true,"href":"https:\/\/www.ipleiria.pt\/esadcr\/wp-json\/wp\/v2\/users\/1"}],"replies":[{"embeddable":true,"href":"https:\/\/www.ipleiria.pt\/esadcr\/wp-json\/wp\/v2\/comments?post=32"}],"version-history":[{"count":20,"href":"https:\/\/www.ipleiria.pt\/esadcr\/wp-json\/wp\/v2\/pages\/32\/revisions"}],"predecessor-version":[{"id":14838,"href":"https:\/\/www.ipleiria.pt\/esadcr\/wp-json\/wp\/v2\/pages\/32\/revisions\/14838"}],"wp:featuredmedia":[{"embeddable":true,"href":"https:\/\/www.ipleiria.pt\/esadcr\/wp-json\/wp\/v2\/media\/7340"}],"wp:attachment":[{"href":"https:\/\/www.ipleiria.pt\/esadcr\/wp-json\/wp\/v2\/media?parent=32"}],"curies":[{"name":"wp","href":"https:\/\/api.w.org\/{rel}","templated":true}]}}